
{"id":1381,"date":"2021-01-21T14:32:17","date_gmt":"2021-01-21T07:32:17","guid":{"rendered":"https:\/\/dongnguyencons.com\/?page_id=1381"},"modified":"2021-01-25T09:29:54","modified_gmt":"2021-01-25T02:29:54","slug":"hinh-anh-hoat-dong","status":"publish","type":"page","link":"https:\/\/dongnguyencons.com\/?page_id=1381","title":{"rendered":"H\u00ecnh \u1ea2nh Ho\u1ea1t \u0110\u1ed9ng"},"content":{"rendered":"\t\t<div data-elementor-type=\"wp-page\" data-elementor-id=\"1381\" class=\"elementor elementor-1381\" data-elementor-post-type=\"page\">\n\t\t\t\t\t\t<section class=\"elementor-section elementor-top-section elementor-element elementor-element-3e2b167 elementor-section-boxed elementor-section-height-default elementor-section-height-default\" data-id=\"3e2b167\" data-element_type=\"section\" data-e-type=\"section\">\n\t\t\t\t\t\t<div class=\"elementor-container elementor-column-gap-default\">\n\t\t\t\t\t<div class=\"elementor-column elementor-col-100 elementor-top-column elementor-element elementor-element-f5c2e2d\" data-id=\"f5c2e2d\" data-element_type=\"column\" data-e-type=\"column\">\n\t\t\t<div class=\"elementor-widget-wrap elementor-element-populated\">\n\t\t\t\t\t\t<div class=\"elementor-element elementor-element-5f4ae6f elementor-widget elementor-widget-text-editor\" data-id=\"5f4ae6f\" data-element_type=\"widget\" data-e-type=\"widget\" data-widget_type=\"text-editor.default\">\n\t\t\t\t<div class=\"elementor-widget-container\">\n\t\t\t\t\t\t\t\t\t<p>C\u00f4ng ty TNHH Thi\u1ebft K\u1ebf X\u00e2y D\u1ef1ng \u0110\u00f4ng Nguy\u00ean kh\u00f4ng ng\u1eebng h\u1ecdc h\u1ecfi v\u00e0 c\u1ea3i ti\u1ebfn \u0111\u1ec3 \u0111\u00e1p \u1ee9ng nhu c\u1ea7u kh\u00e1ch h\u00e0ng v\u00e0 \u0111\u1ea9y m\u1ea1nh th\u01b0\u01a1ng hi\u1ec7u. Hi\u1ec7n nay, \u0110\u00f4ng Nguy\u00ean\u00a0 \u0111\u00e3 kh\u1eb3ng \u0111\u1ecbnh th\u01b0\u01a1ng hi\u1ec7u v\u00e0 tr\u1edf th\u00e0nh m\u1ed9t trong nh\u1eefng \u0111\u01a1n v\u1ecb x\u00e2y d\u1ef1ng h\u00e0ng \u0111\u1ea7u Vi\u1ec7t Nam v\u1edbi quy m\u00f4 l\u1edbn v\u00e0 \u0111\u1ed3ng b\u1ed9, \u0111\u1ed3ng th\u1eddi li\u00ean t\u1ee5c nh\u1eadn \u0111\u01b0\u01a1c th\u00e0nh t\u1ef1u l\u1edbn, b\u1eb1ng khen c\u1ee7a B\u1ed9 x\u00e2y d\u1ef1ng v\u00e0 C\u1ee5c s\u1edf h\u1eefu tr\u00ed tu\u1ec7 Vi\u1ec7t Nam.<\/p><p>Ti\u1ebfp n\u1ed1i truy\u1ec1n th\u1ed1ng t\u01b0\u01a1ng th\u00e2n t\u01b0\u01a1ng \u00e1i, u\u1ed1ng n\u01b0\u1edbc nh\u1edb ngu\u1ed3n, h\u1eb1ng n\u0103m C\u00f4ng ty \u0111\u1ec1u tri\u1ec3n khai c\u00e1c ho\u1ea1t \u0111\u1ed9ng t\u1eeb thi\u1ec7n h\u1ebft s\u1ee9c \u00fd ngh\u0129a, \u0111\u1eb7c bi\u1ec7t l\u00e0 trao h\u1ecdc b\u1ed5ng cho h\u1ecdc sinh ngh\u00e8o v\u01b0\u1ee3t kh\u00f3, \u0111\u00f3ng g\u00f3p kinh ph\u00ed x\u00e2y d\u1ef1ng giao th\u00f4ng n\u00f4ng th\u00f4n B\u1ebfn L\u1ee9c \u2013 Long An ( n\u0103m 2019 ), xu\u00e2n y\u00eau th\u01b0\u01a1ng, &#8230; \u0110\u00e2y l\u00e0 nh\u1eefng ho\u1ea1t \u0111\u1ed9ng th\u01b0\u1eddng ni\u00ean c\u1ee7a c\u00f4ng ty nh\u1eb1m g\u00f3p ph\u1ea7n x\u00e2y d\u1ef1ng m\u1ed1i quan h\u1ec7 t\u1ed1t \u0111\u1eb9p v\u1edbi c\u1ed9ng \u0111\u1ed3ng.<\/p>\t\t\t\t\t\t\t\t<\/div>\n\t\t\t\t<\/div>\n\t\t\t\t<div class=\"elementor-element elementor-element-cd49fa0 elementor-widget elementor-widget-gallery\" data-id=\"cd49fa0\" data-element_type=\"widget\" data-e-type=\"widget\" data-settings=\"{&quot;columns_mobile&quot;:2,&quot;lazyload&quot;:&quot;yes&quot;,&quot;gallery_layout&quot;:&quot;grid&quot;,&quot;columns&quot;:4,&quot;columns_tablet&quot;:2,&quot;gap&quot;:{&quot;unit&quot;:&quot;px&quot;,&quot;size&quot;:10,&quot;sizes&quot;:[]},&quot;gap_tablet&quot;:{&quot;unit&quot;:&quot;px&quot;,&quot;size&quot;:10,&quot;sizes&quot;:[]},&quot;gap_mobile&quot;:{&quot;unit&quot;:&quot;px&quot;,&quot;size&quot;:10,&quot;sizes&quot;:[]},&quot;link_to&quot;:&quot;file&quot;,&quot;aspect_ratio&quot;:&quot;3:2&quot;,&quot;overlay_background&quot;:&quot;yes&quot;,&quot;content_hover_animation&quot;:&quot;fade-in&quot;}\" data-widget_type=\"gallery.default\">\n\t\t\t\t<div class=\"elementor-widget-container\">\n\t\t\t\t\t\t\t<div class=\"elementor-gallery__container\">\n\t\t\t\t\t\t\t<a class=\"e-gallery-item elementor-gallery-item elementor-animated-content\" href=\"https:\/\/dongnguyencons.com\/wp-content\/uploads\/2021\/01\/hoatdong-6-1.jpg\" data-elementor-open-lightbox=\"yes\" data-elementor-lightbox-slideshow=\"cd49fa0\" data-elementor-lightbox-title=\"hoatdong (6)\" data-e-action-hash=\"#elementor-action%3Aaction%3Dlightbox%26settings%3DeyJpZCI6MTM5MywidXJsIjoiaHR0cHM6XC9cL2RvbmduZ3V5ZW5jb25zLmNvbVwvd3AtY29udGVudFwvdXBsb2Fkc1wvMjAyMVwvMDFcL2hvYXRkb25nLTYtMS5qcGciLCJzbGlkZXNob3ciOiJjZDQ5ZmEwIn0%3D\">\n\t\t\t\t\t<div class=\"e-gallery-image elementor-gallery-item__image\" data-thumbnail=\"https:\/\/dongnguyencons.com\/wp-content\/uploads\/2021\/01\/hoatdong-6-1-300x225.jpg\" data-width=\"300\" data-height=\"225\" aria-label=\"\" role=\"img\" ><\/div>\n\t\t\t\t\t\t\t\t\t\t\t<div class=\"elementor-gallery-item__overlay\"><\/div>\n\t\t\t\t\t\t\t\t\t\t\t\t\t\t<\/a>\n\t\t\t\t\t\t\t<a class=\"e-gallery-item elementor-gallery-item elementor-animated-content\" href=\"https:\/\/dongnguyencons.com\/wp-content\/uploads\/2021\/01\/hoatdong-20.jpg\" data-elementor-open-lightbox=\"yes\" data-elementor-lightbox-slideshow=\"cd49fa0\" data-elementor-lightbox-title=\"hoatdong (20)\" data-e-action-hash=\"#elementor-action%3Aaction%3Dlightbox%26settings%3DeyJpZCI6MTM4NCwidXJsIjoiaHR0cHM6XC9cL2RvbmduZ3V5ZW5jb25zLmNvbVwvd3AtY29udGVudFwvdXBsb2Fkc1wvMjAyMVwvMDFcL2hvYXRkb25nLTIwLmpwZyIsInNsaWRlc2hvdyI6ImNkNDlmYTAifQ%3D%3D\">\n\t\t\t\t\t<div class=\"e-gallery-image elementor-gallery-item__image\" data-thumbnail=\"https:\/\/dongnguyencons.com\/wp-content\/uploads\/2021\/01\/hoatdong-20-300x225.jpg\" data-width=\"300\" data-height=\"225\" aria-label=\"\" role=\"img\" ><\/div>\n\t\t\t\t\t\t\t\t\t\t\t<div class=\"elementor-gallery-item__overlay\"><\/div>\n\t\t\t\t\t\t\t\t\t\t\t\t\t\t<\/a>\n\t\t\t\t\t\t\t<a class=\"e-gallery-item elementor-gallery-item elementor-animated-content\" href=\"https:\/\/dongnguyencons.com\/wp-content\/uploads\/2021\/01\/hoatdong-4-1.jpg\" data-elementor-open-lightbox=\"yes\" data-elementor-lightbox-slideshow=\"cd49fa0\" data-elementor-lightbox-title=\"hoatdong (4)\" data-e-action-hash=\"#elementor-action%3Aaction%3Dlightbox%26settings%3DeyJpZCI6MTM4NywidXJsIjoiaHR0cHM6XC9cL2RvbmduZ3V5ZW5jb25zLmNvbVwvd3AtY29udGVudFwvdXBsb2Fkc1wvMjAyMVwvMDFcL2hvYXRkb25nLTQtMS5qcGciLCJzbGlkZXNob3ciOiJjZDQ5ZmEwIn0%3D\">\n\t\t\t\t\t<div class=\"e-gallery-image elementor-gallery-item__image\" data-thumbnail=\"https:\/\/dongnguyencons.com\/wp-content\/uploads\/2021\/01\/hoatdong-4-1-225x300.jpg\" data-width=\"225\" data-height=\"300\" aria-label=\"\" role=\"img\" ><\/div>\n\t\t\t\t\t\t\t\t\t\t\t<div class=\"elementor-gallery-item__overlay\"><\/div>\n\t\t\t\t\t\t\t\t\t\t\t\t\t\t<\/a>\n\t\t\t\t\t\t\t<a class=\"e-gallery-item elementor-gallery-item elementor-animated-content\" href=\"https:\/\/dongnguyencons.com\/wp-content\/uploads\/2021\/01\/hoatdong-5-1.jpg\" data-elementor-open-lightbox=\"yes\" data-elementor-lightbox-slideshow=\"cd49fa0\" data-elementor-lightbox-title=\"hoatdong (5)\" data-e-action-hash=\"#elementor-action%3Aaction%3Dlightbox%26settings%3DeyJpZCI6MTM5MCwidXJsIjoiaHR0cHM6XC9cL2RvbmduZ3V5ZW5jb25zLmNvbVwvd3AtY29udGVudFwvdXBsb2Fkc1wvMjAyMVwvMDFcL2hvYXRkb25nLTUtMS5qcGciLCJzbGlkZXNob3ciOiJjZDQ5ZmEwIn0%3D\">\n\t\t\t\t\t<div class=\"e-gallery-image elementor-gallery-item__image\" data-thumbnail=\"https:\/\/dongnguyencons.com\/wp-content\/uploads\/2021\/01\/hoatdong-5-1-300x225.jpg\" data-width=\"300\" data-height=\"225\" aria-label=\"\" role=\"img\" ><\/div>\n\t\t\t\t\t\t\t\t\t\t\t<div class=\"elementor-gallery-item__overlay\"><\/div>\n\t\t\t\t\t\t\t\t\t\t\t\t\t\t<\/a>\n\t\t\t\t\t\t\t<a class=\"e-gallery-item elementor-gallery-item elementor-animated-content\" href=\"https:\/\/dongnguyencons.com\/wp-content\/uploads\/2021\/01\/hoatdong-8.jpg\" data-elementor-open-lightbox=\"yes\" data-elementor-lightbox-slideshow=\"cd49fa0\" data-elementor-lightbox-title=\"hoatdong (8)\" data-e-action-hash=\"#elementor-action%3Aaction%3Dlightbox%26settings%3DeyJpZCI6MTM5OSwidXJsIjoiaHR0cHM6XC9cL2RvbmduZ3V5ZW5jb25zLmNvbVwvd3AtY29udGVudFwvdXBsb2Fkc1wvMjAyMVwvMDFcL2hvYXRkb25nLTguanBnIiwic2xpZGVzaG93IjoiY2Q0OWZhMCJ9\">\n\t\t\t\t\t<div class=\"e-gallery-image elementor-gallery-item__image\" data-thumbnail=\"https:\/\/dongnguyencons.com\/wp-content\/uploads\/2021\/01\/hoatdong-8-300x225.jpg\" data-width=\"300\" data-height=\"225\" aria-label=\"\" role=\"img\" ><\/div>\n\t\t\t\t\t\t\t\t\t\t\t<div class=\"elementor-gallery-item__overlay\"><\/div>\n\t\t\t\t\t\t\t\t\t\t\t\t\t\t<\/a>\n\t\t\t\t\t\t\t<a class=\"e-gallery-item elementor-gallery-item elementor-animated-content\" href=\"https:\/\/dongnguyencons.com\/wp-content\/uploads\/2021\/01\/hoatdong-9.jpg\" data-elementor-open-lightbox=\"yes\" data-elementor-lightbox-slideshow=\"cd49fa0\" data-elementor-lightbox-title=\"hoatdong (9)\" data-e-action-hash=\"#elementor-action%3Aaction%3Dlightbox%26settings%3DeyJpZCI6MTQwMiwidXJsIjoiaHR0cHM6XC9cL2RvbmduZ3V5ZW5jb25zLmNvbVwvd3AtY29udGVudFwvdXBsb2Fkc1wvMjAyMVwvMDFcL2hvYXRkb25nLTkuanBnIiwic2xpZGVzaG93IjoiY2Q0OWZhMCJ9\">\n\t\t\t\t\t<div class=\"e-gallery-image elementor-gallery-item__image\" data-thumbnail=\"https:\/\/dongnguyencons.com\/wp-content\/uploads\/2021\/01\/hoatdong-9-300x225.jpg\" data-width=\"300\" data-height=\"225\" aria-label=\"\" role=\"img\" ><\/div>\n\t\t\t\t\t\t\t\t\t\t\t<div class=\"elementor-gallery-item__overlay\"><\/div>\n\t\t\t\t\t\t\t\t\t\t\t\t\t\t<\/a>\n\t\t\t\t\t\t\t<a class=\"e-gallery-item elementor-gallery-item elementor-animated-content\" href=\"https:\/\/dongnguyencons.com\/wp-content\/uploads\/2021\/01\/hoatdong-10.jpg\" data-elementor-open-lightbox=\"yes\" data-elementor-lightbox-slideshow=\"cd49fa0\" data-elementor-lightbox-title=\"hoatdong (10)\" data-e-action-hash=\"#elementor-action%3Aaction%3Dlightbox%26settings%3DeyJpZCI6MTQwNSwidXJsIjoiaHR0cHM6XC9cL2RvbmduZ3V5ZW5jb25zLmNvbVwvd3AtY29udGVudFwvdXBsb2Fkc1wvMjAyMVwvMDFcL2hvYXRkb25nLTEwLmpwZyIsInNsaWRlc2hvdyI6ImNkNDlmYTAifQ%3D%3D\">\n\t\t\t\t\t<div class=\"e-gallery-image elementor-gallery-item__image\" data-thumbnail=\"https:\/\/dongnguyencons.com\/wp-content\/uploads\/2021\/01\/hoatdong-10-300x169.jpg\" data-width=\"300\" data-height=\"169\" aria-label=\"\" role=\"img\" ><\/div>\n\t\t\t\t\t\t\t\t\t\t\t<div class=\"elementor-gallery-item__overlay\"><\/div>\n\t\t\t\t\t\t\t\t\t\t\t\t\t\t<\/a>\n\t\t\t\t\t\t\t<a class=\"e-gallery-item elementor-gallery-item elementor-animated-content\" href=\"https:\/\/dongnguyencons.com\/wp-content\/uploads\/2021\/01\/hoatdong-11.jpg\" data-elementor-open-lightbox=\"yes\" data-elementor-lightbox-slideshow=\"cd49fa0\" data-elementor-lightbox-title=\"hoatdong (11)\" data-e-action-hash=\"#elementor-action%3Aaction%3Dlightbox%26settings%3DeyJpZCI6MTQwOCwidXJsIjoiaHR0cHM6XC9cL2RvbmduZ3V5ZW5jb25zLmNvbVwvd3AtY29udGVudFwvdXBsb2Fkc1wvMjAyMVwvMDFcL2hvYXRkb25nLTExLmpwZyIsInNsaWRlc2hvdyI6ImNkNDlmYTAifQ%3D%3D\">\n\t\t\t\t\t<div class=\"e-gallery-image elementor-gallery-item__image\" data-thumbnail=\"https:\/\/dongnguyencons.com\/wp-content\/uploads\/2021\/01\/hoatdong-11-300x225.jpg\" data-width=\"300\" data-height=\"225\" aria-label=\"\" role=\"img\" ><\/div>\n\t\t\t\t\t\t\t\t\t\t\t<div class=\"elementor-gallery-item__overlay\"><\/div>\n\t\t\t\t\t\t\t\t\t\t\t\t\t\t<\/a>\n\t\t\t\t\t\t\t<a class=\"e-gallery-item elementor-gallery-item elementor-animated-content\" href=\"https:\/\/dongnguyencons.com\/wp-content\/uploads\/2021\/01\/hoatdong-12.jpg\" data-elementor-open-lightbox=\"yes\" data-elementor-lightbox-slideshow=\"cd49fa0\" data-elementor-lightbox-title=\"hoatdong (12)\" data-e-action-hash=\"#elementor-action%3Aaction%3Dlightbox%26settings%3DeyJpZCI6MTQxMSwidXJsIjoiaHR0cHM6XC9cL2RvbmduZ3V5ZW5jb25zLmNvbVwvd3AtY29udGVudFwvdXBsb2Fkc1wvMjAyMVwvMDFcL2hvYXRkb25nLTEyLmpwZyIsInNsaWRlc2hvdyI6ImNkNDlmYTAifQ%3D%3D\">\n\t\t\t\t\t<div class=\"e-gallery-image elementor-gallery-item__image\" data-thumbnail=\"https:\/\/dongnguyencons.com\/wp-content\/uploads\/2021\/01\/hoatdong-12-300x190.jpg\" data-width=\"300\" data-height=\"190\" aria-label=\"\" role=\"img\" ><\/div>\n\t\t\t\t\t\t\t\t\t\t\t<div class=\"elementor-gallery-item__overlay\"><\/div>\n\t\t\t\t\t\t\t\t\t\t\t\t\t\t<\/a>\n\t\t\t\t\t\t\t<a class=\"e-gallery-item elementor-gallery-item elementor-animated-content\" href=\"https:\/\/dongnguyencons.com\/wp-content\/uploads\/2021\/01\/hoatdong-13.jpg\" data-elementor-open-lightbox=\"yes\" data-elementor-lightbox-slideshow=\"cd49fa0\" data-elementor-lightbox-title=\"hoatdong (13)\" data-e-action-hash=\"#elementor-action%3Aaction%3Dlightbox%26settings%3DeyJpZCI6MTQxNCwidXJsIjoiaHR0cHM6XC9cL2RvbmduZ3V5ZW5jb25zLmNvbVwvd3AtY29udGVudFwvdXBsb2Fkc1wvMjAyMVwvMDFcL2hvYXRkb25nLTEzLmpwZyIsInNsaWRlc2hvdyI6ImNkNDlmYTAifQ%3D%3D\">\n\t\t\t\t\t<div class=\"e-gallery-image elementor-gallery-item__image\" data-thumbnail=\"https:\/\/dongnguyencons.com\/wp-content\/uploads\/2021\/01\/hoatdong-13-300x225.jpg\" data-width=\"300\" data-height=\"225\" aria-label=\"\" role=\"img\" ><\/div>\n\t\t\t\t\t\t\t\t\t\t\t<div class=\"elementor-gallery-item__overlay\"><\/div>\n\t\t\t\t\t\t\t\t\t\t\t\t\t\t<\/a>\n\t\t\t\t\t\t\t<a class=\"e-gallery-item elementor-gallery-item elementor-animated-content\" href=\"https:\/\/dongnguyencons.com\/wp-content\/uploads\/2021\/01\/hoatdong-15.jpg\" data-elementor-open-lightbox=\"yes\" data-elementor-lightbox-slideshow=\"cd49fa0\" data-elementor-lightbox-title=\"hoatdong (15)\" data-e-action-hash=\"#elementor-action%3Aaction%3Dlightbox%26settings%3DeyJpZCI6MTQxNywidXJsIjoiaHR0cHM6XC9cL2RvbmduZ3V5ZW5jb25zLmNvbVwvd3AtY29udGVudFwvdXBsb2Fkc1wvMjAyMVwvMDFcL2hvYXRkb25nLTE1LmpwZyIsInNsaWRlc2hvdyI6ImNkNDlmYTAifQ%3D%3D\">\n\t\t\t\t\t<div class=\"e-gallery-image elementor-gallery-item__image\" data-thumbnail=\"https:\/\/dongnguyencons.com\/wp-content\/uploads\/2021\/01\/hoatdong-15-300x169.jpg\" data-width=\"300\" data-height=\"169\" aria-label=\"\" role=\"img\" ><\/div>\n\t\t\t\t\t\t\t\t\t\t\t<div class=\"elementor-gallery-item__overlay\"><\/div>\n\t\t\t\t\t\t\t\t\t\t\t\t\t\t<\/a>\n\t\t\t\t\t\t\t<a class=\"e-gallery-item elementor-gallery-item elementor-animated-content\" href=\"https:\/\/dongnguyencons.com\/wp-content\/uploads\/2021\/01\/hoatdong-16.jpg\" data-elementor-open-lightbox=\"yes\" data-elementor-lightbox-slideshow=\"cd49fa0\" data-elementor-lightbox-title=\"hoatdong (16)\" data-e-action-hash=\"#elementor-action%3Aaction%3Dlightbox%26settings%3DeyJpZCI6MTQyMCwidXJsIjoiaHR0cHM6XC9cL2RvbmduZ3V5ZW5jb25zLmNvbVwvd3AtY29udGVudFwvdXBsb2Fkc1wvMjAyMVwvMDFcL2hvYXRkb25nLTE2LmpwZyIsInNsaWRlc2hvdyI6ImNkNDlmYTAifQ%3D%3D\">\n\t\t\t\t\t<div class=\"e-gallery-image elementor-gallery-item__image\" data-thumbnail=\"https:\/\/dongnguyencons.com\/wp-content\/uploads\/2021\/01\/hoatdong-16-300x169.jpg\" data-width=\"300\" data-height=\"169\" aria-label=\"\" role=\"img\" ><\/div>\n\t\t\t\t\t\t\t\t\t\t\t<div class=\"elementor-gallery-item__overlay\"><\/div>\n\t\t\t\t\t\t\t\t\t\t\t\t\t\t<\/a>\n\t\t\t\t\t\t\t<a class=\"e-gallery-item elementor-gallery-item elementor-animated-content\" href=\"https:\/\/dongnguyencons.com\/wp-content\/uploads\/2021\/01\/hoatdong-18.jpg\" data-elementor-open-lightbox=\"yes\" data-elementor-lightbox-slideshow=\"cd49fa0\" data-elementor-lightbox-title=\"hoatdong (18)\" data-e-action-hash=\"#elementor-action%3Aaction%3Dlightbox%26settings%3DeyJpZCI6MTQyMywidXJsIjoiaHR0cHM6XC9cL2RvbmduZ3V5ZW5jb25zLmNvbVwvd3AtY29udGVudFwvdXBsb2Fkc1wvMjAyMVwvMDFcL2hvYXRkb25nLTE4LmpwZyIsInNsaWRlc2hvdyI6ImNkNDlmYTAifQ%3D%3D\">\n\t\t\t\t\t<div class=\"e-gallery-image elementor-gallery-item__image\" data-thumbnail=\"https:\/\/dongnguyencons.com\/wp-content\/uploads\/2021\/01\/hoatdong-18-300x169.jpg\" data-width=\"300\" data-height=\"169\" aria-label=\"\" role=\"img\" ><\/div>\n\t\t\t\t\t\t\t\t\t\t\t<div class=\"elementor-gallery-item__overlay\"><\/div>\n\t\t\t\t\t\t\t\t\t\t\t\t\t\t<\/a>\n\t\t\t\t\t\t\t<a class=\"e-gallery-item elementor-gallery-item elementor-animated-content\" href=\"https:\/\/dongnguyencons.com\/wp-content\/uploads\/2021\/01\/hoatdong-19.jpg\" data-elementor-open-lightbox=\"yes\" data-elementor-lightbox-slideshow=\"cd49fa0\" data-elementor-lightbox-title=\"hoatdong (19)\" data-e-action-hash=\"#elementor-action%3Aaction%3Dlightbox%26settings%3DeyJpZCI6MTQyNiwidXJsIjoiaHR0cHM6XC9cL2RvbmduZ3V5ZW5jb25zLmNvbVwvd3AtY29udGVudFwvdXBsb2Fkc1wvMjAyMVwvMDFcL2hvYXRkb25nLTE5LmpwZyIsInNsaWRlc2hvdyI6ImNkNDlmYTAifQ%3D%3D\">\n\t\t\t\t\t<div class=\"e-gallery-image elementor-gallery-item__image\" data-thumbnail=\"https:\/\/dongnguyencons.com\/wp-content\/uploads\/2021\/01\/hoatdong-19-300x225.jpg\" data-width=\"300\" data-height=\"225\" aria-label=\"\" role=\"img\" ><\/div>\n\t\t\t\t\t\t\t\t\t\t\t<div class=\"elementor-gallery-item__overlay\"><\/div>\n\t\t\t\t\t\t\t\t\t\t\t\t\t\t<\/a>\n\t\t\t\t\t<\/div>\n\t\t\t\t\t<\/div>\n\t\t\t\t<\/div>\n\t\t\t\t\t<\/div>\n\t\t<\/div>\n\t\t\t\t\t<\/div>\n\t\t<\/section>\n\t\t\t\t<\/div>\n\t\t","protected":false},"excerpt":{"rendered":"<p>C\u00f4ng ty TNHH Thi\u1ebft K\u1ebf X\u00e2y D\u1ef1ng \u0110\u00f4ng Nguy\u00ean kh\u00f4ng ng\u1eebng h\u1ecdc h\u1ecfi v\u00e0 c\u1ea3i ti\u1ebfn \u0111\u1ec3 \u0111\u00e1p \u1ee9ng nhu c\u1ea7u kh\u00e1ch h\u00e0ng v\u00e0 \u0111\u1ea9y m\u1ea1nh th\u01b0\u01a1ng hi\u1ec7u. Hi\u1ec7n nay, &#8230; <a title=\"H\u00ecnh \u1ea2nh Ho\u1ea1t \u0110\u1ed9ng\" class=\"read-more\" href=\"https:\/\/dongnguyencons.com\/?page_id=1381\" aria-label=\"More on H\u00ecnh \u1ea2nh Ho\u1ea1t \u0110\u1ed9ng\">xem ti\u1ebfp<\/a><\/p>\n","protected":false},"author":1,"featured_media":0,"parent":0,"menu_order":0,"comment_status":"closed","ping_status":"closed","template":"","meta":{"footnotes":""},"class_list":{"0":"post-1381","1":"page","2":"type-page","3":"status-publish","5":"no-featured-image-padding"},"_links":{"self":[{"href":"https:\/\/dongnguyencons.com\/index.php?rest_route=\/wp\/v2\/pages\/1381","targetHints":{"allow":["GET"]}}],"collection":[{"href":"https:\/\/dongnguyencons.com\/index.php?rest_route=\/wp\/v2\/pages"}],"about":[{"href":"https:\/\/dongnguyencons.com\/index.php?rest_route=\/wp\/v2\/types\/page"}],"author":[{"embeddable":true,"href":"https:\/\/dongnguyencons.com\/index.php?rest_route=\/wp\/v2\/users\/1"}],"replies":[{"embeddable":true,"href":"https:\/\/dongnguyencons.com\/index.php?rest_route=%2Fwp%2Fv2%2Fcomments&post=1381"}],"version-history":[{"count":10,"href":"https:\/\/dongnguyencons.com\/index.php?rest_route=\/wp\/v2\/pages\/1381\/revisions"}],"predecessor-version":[{"id":1630,"href":"https:\/\/dongnguyencons.com\/index.php?rest_route=\/wp\/v2\/pages\/1381\/revisions\/1630"}],"wp:attachment":[{"href":"https:\/\/dongnguyencons.com\/index.php?rest_route=%2Fwp%2Fv2%2Fmedia&parent=1381"}],"curies":[{"name":"wp","href":"https:\/\/api.w.org\/{rel}","templated":true}]}}